{"id":3,"date":"2010-01-19T11:10:44","date_gmt":"2010-01-19T11:10:44","guid":{"rendered":"http:\/\/domusnostra.net\/wordpress\/?page_id=3"},"modified":"2014-04-10T23:22:36","modified_gmt":"2014-04-10T22:22:36","slug":"sobre-nos","status":"publish","type":"page","link":"https:\/\/domusnostra.net\/wordpress\/sobre-nos\/","title":{"rendered":"sobre n\u00f3s"},"content":{"rendered":"<h1>Domus Nostra<\/h1>\n<p>Animada pelas <a href=\"http:\/\/www.fcmportugal.pt\" target=\"_blank\">Filhas do Cora\u00e7\u00e3o de Maria<\/a> e aberta desde 1965, a Domus Nostra conta com uma longa hist\u00f3ria em <a href=\" http:\/\/domusnostra.net\/wordpress\/Lisboa\" target=\"_blank\">Lisboa <\/a>e tradi\u00e7\u00e3o na vida universit\u00e1ria.<\/p>\n<p>Atualmente\u00a0residem na Domus Nostra alunas de:<\/p>\n<ul>\n<li>ensino universit\u00e1rio,<\/li>\n<li>mestrado,<\/li>\n<li>doutoramento,<\/li>\n<li>programas de interc\u00e2mbio de universidades de\u00a0outros pa\u00edses (p.e. Erasmus).<\/li>\n<\/ul>\n<p>Tamb\u00e9m podem residir alunas em per\u00edodos de estadia tempor\u00e1rios, consoante a disponibilidade:<\/p>\n<ul>\n<li>est\u00e1gio curricular,<\/li>\n<li>congressos universit\u00e1rios,<\/li>\n<li>cursos de l\u00ednguas para universit\u00e1rios,<\/li>\n<li>outras forma\u00e7\u00f5es do ensino superior.<\/li>\n<\/ul>\n<h4>Queres conhecer-nos um pouco melhor?<\/h4>\n<p>O melhor mesmo \u00e9 visitares a nossa casa. Mas j\u00e1 agora apresentamos-te um pouco daquilo que faz o esp\u00edrito da Domus:<\/p>\n<ul>\n<li>Porque ser estudante n\u00e3o consiste apenas em frequentar uma escola<\/li>\n<li>Porque o estudo \u00e9 apenas uma das componentes da forma\u00e7\u00e3o e da realiza\u00e7\u00e3o da pessoa<\/li>\n<li>Porque ser jovem implica crescer e abrir-se para a vida nas suas diversas dimens\u00f5es e valores\u2026<\/li>\n<\/ul>\n<p>A Domus Nostra proporciona \u00e0s suas estudantes um ambiente prop\u00edcio \u00e0 realiza\u00e7\u00e3o dos estudos e possibilidades concretas de desenvolvimento integral a n\u00edvel humano, social, cultural e crist\u00e3o.<\/p>\n<p><strong>Procuramos cultivar entre as residentes um clima de:<\/strong><\/p>\n<ul>\n<li>Estudo<\/li>\n<li>Amizade e respeito<\/li>\n<li>Sensibilidade ao outro e \u00e0s suas necessidades<\/li>\n<li>Esp\u00edrito de servi\u00e7o e entreajuda<\/li>\n<li>Abertura \u00e0 diferen\u00e7a e \u00e0 cultura do seu tempo<\/li>\n<li>Descoberta e conhecimento de Jesus Cristo mediante proposta livre de aprofundamento de f\u00e9<\/li>\n<\/ul>\n<p>V\u00ea tamb\u00e9m as <a href=\"http:\/\/domusnostra.net\/wordpress\/opinioes\/\"><span style=\"color: #008000;\">opini\u00f5es<\/span><\/a> de quem j\u00e1 passou por esta Casa.<\/p>\n","protected":false},"excerpt":{"rendered":"<p>Domus Nostra Animada pelas Filhas do Cora\u00e7\u00e3o de Maria e aberta desde 1965, a Domus Nostra conta com uma longa hist\u00f3ria em Lisboa e tradi\u00e7\u00e3o na vida universit\u00e1ria. Atualmente\u00a0residem na Domus Nostra alunas de: ensino universit\u00e1rio, mestrado, doutoramento, programas de interc\u00e2mbio de universidades de\u00a0outros pa\u00edses (p.e. Erasmus). Tamb\u00e9m podem residir alunas em per\u00edodos de estadia [&hellip;]<\/p>\n","protected":false},"author":2,"featured_media":0,"parent":0,"menu_order":1,"comment_status":"open","ping_status":"open","template":"","meta":{"footnotes":""},"class_list":["post-3","page","type-page","status-publish","hentry"],"aioseo_notices":[],"_links":{"self":[{"href":"https:\/\/domusnostra.net\/wordpress\/wp-json\/wp\/v2\/pages\/3","targetHints":{"allow":["GET"]}}],"collection":[{"href":"https:\/\/domusnostra.net\/wordpress\/wp-json\/wp\/v2\/pages"}],"about":[{"href":"https:\/\/domusnostra.net\/wordpress\/wp-json\/wp\/v2\/types\/page"}],"author":[{"embeddable":true,"href":"https:\/\/domusnostra.net\/wordpress\/wp-json\/wp\/v2\/users\/2"}],"replies":[{"embeddable":true,"href":"https:\/\/domusnostra.net\/wordpress\/wp-json\/wp\/v2\/comments?post=3"}],"version-history":[{"count":23,"href":"https:\/\/domusnostra.net\/wordpress\/wp-json\/wp\/v2\/pages\/3\/revisions"}],"predecessor-version":[{"id":727,"href":"https:\/\/domusnostra.net\/wordpress\/wp-json\/wp\/v2\/pages\/3\/revisions\/727"}],"wp:attachment":[{"href":"https:\/\/domusnostra.net\/wordpress\/wp-json\/wp\/v2\/media?parent=3"}],"curies":[{"name":"wp","href":"https:\/\/api.w.org\/{rel}","templated":true}]}}