{"id":16,"date":"2010-01-19T11:56:15","date_gmt":"2010-01-19T11:56:15","guid":{"rendered":"http:\/\/domusnostra.net\/wordpress\/?page_id=16"},"modified":"2020-09-26T22:46:29","modified_gmt":"2020-09-26T21:46:29","slug":"espacos","status":"publish","type":"page","link":"https:\/\/domusnostra.net\/wordpress\/espacos\/","title":{"rendered":"fotos espa\u00e7os"},"content":{"rendered":"<h1>Espa\u00e7os da Domus Nostra<\/h1>\n<p>V\u00ea com mais detalhe os espa\u00e7os da Domus Nostra:<\/p>\n<hr \/>\n<p><span style=\"color: #008080;\"><a class=\"row-title\" style=\"color: #008080;\" href=\"http:\/\/domusnostra.net\/wordpress\/espacos\/hall-de-entrada\/\" aria-label=\"\u201cHall de entrada\u201d (Editar)\">Hall de entrada<\/a><\/span><\/p>\n<p><span style=\"color: #008080;\"><a class=\"row-title\" style=\"color: #008080;\" href=\"http:\/\/domusnostra.net\/wordpress\/espacos\/biblioteca\/\" aria-label=\"\u201cBiblioteca\u201d (Editar)\">Biblioteca<\/a><\/span><\/p>\n<p><span style=\"color: #008080;\"><a class=\"row-title\" style=\"color: #008080;\" href=\"http:\/\/domusnostra.net\/wordpress\/espacos\/copa\/\" aria-label=\"\u201cCopa\u201d (Editar)\">Copa<\/a><\/span><\/p>\n<p><span style=\"color: #008080;\"><a class=\"row-title\" style=\"color: #008080;\" href=\"http:\/\/domusnostra.net\/wordpress\/espacos\/52-quartos-individuais\/\" aria-label=\"\u201c52 quartos individuais\u201d (Editar)\">52 quartos individuais<\/a><\/span><\/p>\n<p><span style=\"color: #008080;\"><a class=\"row-title\" style=\"color: #008080;\" href=\"http:\/\/domusnostra.net\/wordpress\/espacos\/9-quartos-triplos\/\" aria-label=\"\u201c9 quartos triplos\u201d (Editar)\">9 quartos triplos<\/a><\/span><\/p>\n<p><span style=\"color: #008080;\"><a class=\"row-title\" style=\"color: #008080;\" href=\"http:\/\/domusnostra.net\/wordpress\/espacos\/salas-de-estudo\/\" aria-label=\"\u201cSalas de estudo\u201d (Editar)\">Salas de estudo<\/a><\/span><\/p>\n<p><span style=\"color: #008080;\"><a class=\"row-title\" style=\"color: #008080;\" href=\"http:\/\/domusnostra.net\/wordpress\/espacos\/sala-de-computadores\/\" aria-label=\"\u201cSala de computadores\u201d (Editar)\">Sala de computadores<\/a><\/span><\/p>\n<p><span style=\"color: #008080;\"><a class=\"row-title\" style=\"color: #008080;\" href=\"http:\/\/domusnostra.net\/wordpress\/espacos\/salas-polivalentes\/\" aria-label=\"\u201cSalas polivalentes\u201d (Editar)\">Salas polivalentes<\/a><\/span><\/p>\n<p><span style=\"color: #008080;\"><a class=\"row-title\" style=\"color: #008080;\" href=\"http:\/\/domusnostra.net\/wordpress\/espacos\/pisos-dos-quartos\/\" aria-label=\"\u201cPisos dos Quartos\u201d (Editar)\">Pisos dos Quartos<\/a><\/span><\/p>\n<p><span style=\"color: #008080;\"><a class=\"row-title\" style=\"color: #008080;\" href=\"http:\/\/domusnostra.net\/wordpress\/espacos\/sala-de-jantar\/\" aria-label=\"\u201cSala de jantar\u201d (Editar)\">Sala de jantar<\/a><\/span><\/p>\n<p><span style=\"color: #008080;\"><a class=\"row-title\" style=\"color: #008080;\" href=\"http:\/\/domusnostra.net\/wordpress\/espacos\/sala-de-convivio\/\" aria-label=\"\u201cSala de conv\u00edvio\u201d (Editar)\">Sala de conv\u00edvio<\/a><\/span><\/p>\n<p><span style=\"color: #008080;\"><a class=\"row-title\" style=\"color: #008080;\" href=\"http:\/\/domusnostra.net\/wordpress\/espacos\/capela-e-oratorio\/\" aria-label=\"\u201cCapela e Orat\u00f3rio\u201d (Editar)\">Capela e Orat\u00f3rio<\/a><\/span><\/p>\n<p><span style=\"color: #008080;\"><a class=\"row-title\" style=\"color: #008080;\" href=\"http:\/\/domusnostra.net\/wordpress\/espacos\/jardim\/\" aria-label=\"\u201cJardim\u201d (Editar)\">Jardim<\/a><\/span><\/p>\n<p><span style=\"color: #008080;\"><a class=\"row-title\" style=\"color: #008080;\" href=\"http:\/\/domusnostra.net\/wordpress\/espacos\/terraco\/\" aria-label=\"\u201cTerra\u00e7o\u201d (Editar)\">Terra\u00e7o<\/a><\/span><\/p>\n<h4><\/h4>\n<p><!--?php wp_list_pages('title_li=&child_of=16'); ?--><!--?php echo \"<\/ul-->\n","protected":false},"excerpt":{"rendered":"<p>Espa\u00e7os da Domus Nostra V\u00ea com mais detalhe os espa\u00e7os da Domus Nostra: Hall de entrada Biblioteca Copa 52 quartos individuais 9 quartos triplos Salas de estudo Sala de computadores Salas polivalentes Pisos dos Quartos Sala de jantar Sala de conv\u00edvio Capela e Orat\u00f3rio Jardim Terra\u00e7o<\/p>\n","protected":false},"author":2,"featured_media":0,"parent":0,"menu_order":3,"comment_status":"open","ping_status":"open","template":"","meta":{"footnotes":""},"class_list":["post-16","page","type-page","status-publish","hentry"],"aioseo_notices":[],"_links":{"self":[{"href":"https:\/\/domusnostra.net\/wordpress\/wp-json\/wp\/v2\/pages\/16","targetHints":{"allow":["GET"]}}],"collection":[{"href":"https:\/\/domusnostra.net\/wordpress\/wp-json\/wp\/v2\/pages"}],"about":[{"href":"https:\/\/domusnostra.net\/wordpress\/wp-json\/wp\/v2\/types\/page"}],"author":[{"embeddable":true,"href":"https:\/\/domusnostra.net\/wordpress\/wp-json\/wp\/v2\/users\/2"}],"replies":[{"embeddable":true,"href":"https:\/\/domusnostra.net\/wordpress\/wp-json\/wp\/v2\/comments?post=16"}],"version-history":[{"count":34,"href":"https:\/\/domusnostra.net\/wordpress\/wp-json\/wp\/v2\/pages\/16\/revisions"}],"predecessor-version":[{"id":957,"href":"https:\/\/domusnostra.net\/wordpress\/wp-json\/wp\/v2\/pages\/16\/revisions\/957"}],"wp:attachment":[{"href":"https:\/\/domusnostra.net\/wordpress\/wp-json\/wp\/v2\/media?parent=16"}],"curies":[{"name":"wp","href":"https:\/\/api.w.org\/{rel}","templated":true}]}}