{"id":13,"date":"2010-01-19T11:53:20","date_gmt":"2010-01-19T11:53:20","guid":{"rendered":"http:\/\/domusnostra.net\/wordpress\/?page_id=13"},"modified":"2022-03-07T21:47:11","modified_gmt":"2022-03-07T21:47:11","slug":"servicos","status":"publish","type":"page","link":"https:\/\/domusnostra.net\/wordpress\/servicos\/","title":{"rendered":"servi\u00e7os"},"content":{"rendered":"<h1>Servi\u00e7os da Domus Nostra<\/h1>\n<ul>\n<li>Pequeno Almo\u00e7o e Jantar: 2\u00aaf a 6\u00aaf , exceto feriados<\/li>\n<li>Micro-ondas<\/li>\n<li>Figor\u00edficos<\/li>\n<li>M\u00e1quina de caf\u00e9, bebidas quentes e snacks<\/li>\n<li>Lavandaria em regime de<em> self-service<\/em><\/li>\n<li>Salas de estudo | trabalhos de grupo<\/li>\n<li>Sala comum de televis\u00e3o com meo<em>box<\/em><\/li>\n<li>Possibilidade de utiliza\u00e7\u00e3o de telefone<\/li>\n<li>Biblioteca com mais de 6000 volumes \u2013 livros t\u00e9cnicos e cient\u00edficos, literatura, revistas cient\u00edficas e de actualidades<\/li>\n<li>Possibilidade de usufruir do jardim | 700 m2|<\/li>\n<li>Sala com piano vertical<\/li>\n<\/ul>\n<p style=\"text-align: center;\"><img loading=\"lazy\" decoding=\"async\" class=\"aligncenter\" title=\"Site 1\u00aa P\u00e1gina DN\" src=\"http:\/\/domusnostra.net\/wordpress\/wp-content\/uploads\/2012\/12\/Site-1\u00aa-P\u00e1gina-DN.jpg\" alt=\"\" width=\"400\" height=\"250\" \/><\/p>\n","protected":false},"excerpt":{"rendered":"<p>Servi\u00e7os da Domus Nostra Pequeno Almo\u00e7o e Jantar: 2\u00aaf a 6\u00aaf , exceto feriados Micro-ondas Figor\u00edficos M\u00e1quina de caf\u00e9, bebidas quentes e snacks Lavandaria em regime de self-service Salas de estudo | trabalhos de grupo Sala comum de televis\u00e3o com meobox Possibilidade de utiliza\u00e7\u00e3o de telefone Biblioteca com mais de 6000 volumes \u2013 livros t\u00e9cnicos [&hellip;]<\/p>\n","protected":false},"author":2,"featured_media":0,"parent":0,"menu_order":2,"comment_status":"open","ping_status":"open","template":"","meta":{"footnotes":""},"class_list":["post-13","page","type-page","status-publish","hentry"],"aioseo_notices":[],"_links":{"self":[{"href":"https:\/\/domusnostra.net\/wordpress\/wp-json\/wp\/v2\/pages\/13","targetHints":{"allow":["GET"]}}],"collection":[{"href":"https:\/\/domusnostra.net\/wordpress\/wp-json\/wp\/v2\/pages"}],"about":[{"href":"https:\/\/domusnostra.net\/wordpress\/wp-json\/wp\/v2\/types\/page"}],"author":[{"embeddable":true,"href":"https:\/\/domusnostra.net\/wordpress\/wp-json\/wp\/v2\/users\/2"}],"replies":[{"embeddable":true,"href":"https:\/\/domusnostra.net\/wordpress\/wp-json\/wp\/v2\/comments?post=13"}],"version-history":[{"count":12,"href":"https:\/\/domusnostra.net\/wordpress\/wp-json\/wp\/v2\/pages\/13\/revisions"}],"predecessor-version":[{"id":1057,"href":"https:\/\/domusnostra.net\/wordpress\/wp-json\/wp\/v2\/pages\/13\/revisions\/1057"}],"wp:attachment":[{"href":"https:\/\/domusnostra.net\/wordpress\/wp-json\/wp\/v2\/media?parent=13"}],"curies":[{"name":"wp","href":"https:\/\/api.w.org\/{rel}","templated":true}]}}