{"id":489,"date":"2012-06-07T13:25:41","date_gmt":"2012-06-07T13:25:41","guid":{"rendered":"http:\/\/domusnostra.net\/wordpress\/?page_id=489"},"modified":"2017-03-02T15:34:13","modified_gmt":"2017-03-02T15:34:13","slug":"opinioes","status":"publish","type":"page","link":"http:\/\/domusnostra.net\/wordpress\/opinioes\/","title":{"rendered":"opini\u00f5es"},"content":{"rendered":"<h2>registe tamb\u00e9m a sua opini\u00e3o<\/h2>\n<p>Se \u00e9 ou foi residente na Domus Nostra clique na foto para registar a sua opini\u00e3o.<\/p>\n<p>Muito obrigado!<\/p>\n<p style=\"text-align: center;\"><a href=\"http:\/\/domusnostra.net\/wordpress\/opinioes\/opiniao-2\/ \"><img loading=\"lazy\" decoding=\"async\" class=\"size-thumbnail wp-image-501 aligncenter\" title=\"Domus Entrada\" src=\"http:\/\/domusnostra.net\/wordpress\/wp-content\/uploads\/2012\/06\/Domus-Entrada-150x150.jpg\" alt=\"\" width=\"82\" height=\"82\" \/><\/a><\/p>\n<h4><span style=\"font-weight: normal;\"><span style=\"color: #0000ff;\"><span style=\"font-weight: normal;\">o que \u00e9 viver na Domus Nostra enquanto estudante universit\u00e1ria?<\/span><\/span><\/span><\/h4>\n<h4><span style=\"color: #0000ff;\"><span style=\"color: #008000;\">as <span style=\"font-weight: normal;\">&#8216;<\/span>nostras<span style=\"font-weight: normal;\">&#8216;<\/span> opini\u00f5e<span style=\"color: #008000;\">s<\/span><\/span><span style=\"color: #008000;\">:<\/span><\/span><\/h4>\n<ul>\n<li><span style=\"color: #008000;\">Ana Rita e Ana Rute | Ano 2013 | Medicina e Medicina Dent\u00e1ria<\/span><\/li>\n<\/ul>\n<p>&#8220;(&#8230;) E \u00e9 \u00e0 Domus Nostra, esta casa que \u00e9 nossa, que agradecemos por nos ter proporcionado uma mudan\u00e7a na forma de encarar este desafio em Lisboa&#8230; Casa em que depois de abrir a porta se sente um esp\u00edrito muito acolhedor, amigo, familiar, em que em cada parede, em cada esquina, em cada degrau se esbo\u00e7a o testemunho de uma estudante que outrora por esta casa passou\u2026 esta casa que faz de ber\u00e7o para uma fam\u00edlia que se constitui de estudantes que abra\u00e7am Lisboa como terra de seu percurso acad\u00e9mico&#8230; Esta casa que se constr\u00f3i da hist\u00f3ria singular de cada uma de n\u00f3s que com o seu cunho pessoal a decora de emo\u00e7\u00f5es, de experi\u00eancias, de luta, de sucessos, de derrotas, de dissabores, de b\u00ean\u00e7\u00e3os\u2026 no fundo de tudo aquilo que s\u00e3o os ingredientes da vida! Nesta casa encontramos uma outra fam\u00edlia\u2026 em que o seu valor est\u00e1 no facto de jamais excluir a nossa &#8220;verdadeira&#8221; fam\u00edlia, mas antes complement\u00e1-la fazendo de n\u00f3s pessoas mais plenas, mais completas&#8230; mais realizadas! (&#8230;)\u00a0Muito obrigada \u00e0 Domus Nostra por ter sido a pauta musical desta nossa can\u00e7\u00e3o de Lisboa&#8230;&#8221;<\/p>\n<ul>\n<li><span style=\"color: #008000;\">Isabelle &#8211; M\u00e3e da Marie, estudante de Erasmus | Paris| Ano 2013 | Economia<\/span><\/li>\n<\/ul>\n<p><em>tradu\u00e7\u00e3o:\u00a0<\/em>Guardo boas lembran\u00e7as da minha estadia com a minha filha em Fevereiro na Domus Nostra, onde fui calorosamente acolhida por toda a gente.\u00a0Apreciei particularmente o per\u00edodo do jantar e do pequeno-almo\u00e7o, onde reina uma alegre efervesc\u00eancia que contrasta com a calma do dia e da noite. Todas est\u00e3o visivelmente felizes por se encontrarem, as trocas s\u00e3o ricas, a partilha de eventos do dia\u2026 e a comida deliciosa\u2026\u00a0Fui igualmente sens\u00edvel ao clima de liberdade baseado na confian\u00e7a que reina da Domus Nostra, assim como \u00e0 presen\u00e7a benevolente e atenta da Irm\u00e3 Cristina, todos os dias dispon\u00edvel.\u00a0Viver na Domus Nostra \u00e9 um pouco como partilhar a vida de uma fam\u00edlia, um grande obrigado a todas! Gra\u00e7as a voc\u00eas, a minha estadia em Lisboa ficar\u00e1 para sempre como uma boa mem\u00f3ria.<\/p>\n<ul>\n<li>\u00a0<span style=\"color: #008000;\">Dina Mendes | Castelo Branco | Ano 2012 | Ci\u00eancias Farmac\u00eauticas<\/span><\/li>\n<\/ul>\n<p>&#8220;O que \u00e9 a Domus Nostra para mim?\u00a0Inicialmente, estava reticente por ir para um quarto triplo. Era filha \u00fanica e nunca tinha partilhado quarto. Mas depressa optei por olhar esta realidade de outra perspectiva e passei a encarar como um desafio.\u00a0Fiquei com pessoas fant\u00e1sticas e divertidas. Depressa nos torn\u00e1mos grandes amigas e vivemos um 1\u00ba ano cheio de bons momentos: noitadas \u00e0 conversa, mesmo com a luz j\u00e1 apagada; ataques de riso; tentativas de estudo que sa\u00edam, sempre ou quase sempre, frustradas; sa\u00eddas; etc. Al\u00e9m de toda a brincadeira, tamb\u00e9m nos apoi\u00e1vamos nos momentos menos bons. Mas, para que tudo funcione no quarto triplo, \u00e9 importante que se fa\u00e7am ced\u00eancias: eu abdiquei do meu rel\u00f3gio de cabeceira porque fazia demasiado barulho para elas, elas abdicaram de estudar no quarto depois de eu me deitar porque a luz me incomodava. \u00c9 preciso respeito pelos outros.<\/p>\n<p>No 2\u00ba ano, l\u00e1 tivemos n\u00f3s que mudar para o quarto individual mas fizemos quest\u00e3o de ficar todas seguidas para facilitar a comunica\u00e7\u00e3o. And\u00e1vamos sempre nos quartos umas das outras!\u00a0Mas h\u00e1 vida na Domus para al\u00e9m do quarto triplo. Conheci imensas pessoas de todos os cantos do pa\u00eds, e n\u00e3o s\u00f3, e fui construindo amizades. Amizades que s\u00e3o para a vida, mesmo que deixemos de estar juntas diariamente. Vivendo com 80 pessoas, \u00e9 bom saber que quando chegarmos a casa, temos sempre algu\u00e9m com quem podemos falar. Por pior que tenha sido o nosso dia, h\u00e1 sempre algu\u00e9m que nos tenta animar e dar for\u00e7a. E s\u00e3o estas pequenas coisas que nos ajudam a n\u00e3o desistir.<\/p>\n<p>O jantar \u00e9 o momento mais relaxante do dia, em que estamos todas juntas, falamos de imensas coisas e depois prolongamos a conversa nas escadas antes de voltarmos para os quartos. De vez em quando, tamb\u00e9m se arranja tempo para jogar \u00e0s cartas, ir dar uma volta ou simplesmente correr. Desde que se queira, convive-se muito nesta casa. E h\u00e1 muitos outros momentos ao longo do ano lectivo que ajudam a isso como, por exemplo, a Festa da Fam\u00edlia.&#8221;<\/p>\n<ul>\n<li><span style=\"font-size: 13px; line-height: 19px;\">\u00a0<\/span><span style=\"color: #008000;\">Vanessa Silva\u00a0| Faial &#8211; A\u00e7ores\u00a0| Ano 2005 | Medicina Veterin\u00e1ria<\/span><\/li>\n<\/ul>\n<p><span style=\"color: #333333;\">&#8220;Quando entrei pela primeira vez na Domus, achei logo todo o espa\u00e7o familiar, tive a certeza que queria ali ficar. Nos primeiros dias dizia: &#8220;Bem, vou para a resid\u00eancia&#8221;&#8230;poucos meses depois: &#8220;Bem, vou para casa&#8221;, e \u00e9 isso mesmo a Domus \u00e9 a nossa casa tal como diz. O tempo que l\u00e1 passei foi e \u00e9\u00a0inesquec\u00edvel: tinha boas infrastruturas, bons acessos, uma \u00f3ptima comida! Fiz muitas amigas que hoje mantenho e o pr\u00f3prio &#8220;staff&#8221; tem um lugar no meu cora\u00e7\u00e3o. Onde quer que v\u00e1 levo um bocadinho da Domus com saudade!&#8221;<\/span><\/p>\n<ul>\n<li><span style=\"color: #008000;\">Isabel Castanheira\u00a0| Coimbra | Ano 1979 | Economia<\/span><\/li>\n<\/ul>\n<p><span style=\"color: #333333;\">&#8220;1. Bom ambiente;<br \/>\n2. Equil\u00edbrio entre a autonomia de cada residente e o respeito pelos outros;<br \/>\n3. Espa\u00e7o para o desenvolvimento de grandes amizades.<br \/>\nConclus\u00e3o:<br \/>\nRecomendo!&#8221;<\/span><\/p>\n<ul>\n<li><span style=\"color: #008000;\">Ano 1969 | Funchal | Medicina<\/span><\/li>\n<\/ul>\n<p><span style=\"color: #333333;\">&#8220;A Domus foi para mim um verdadeiro Lar. Sempre me senti em casa n\u00e3o tendo estranhado o ter sa\u00eddo pela primeira vez de casa da minha fam\u00edlia. Posso dizer que encontrei outra fam\u00edlia.&#8221;<\/span><\/p>\n<ul>\n<li><span style=\"color: #008000;\">Alexandra Quintas | Ano 1985 | Gest\u00e3o<\/span><\/li>\n<\/ul>\n<p><span style=\"color: #333333;\">&#8220;Enquanto estive no Domus aconteceram tantas coisas, umas boas outras m\u00e1s, mas encontrei sempre um colo amigo onde descansar. Conheci muitas pessoas de quem ainda ho<span style=\"color: #333333;\">je sou amiga. Foi <\/span>bom estar no Domus!!!!&#8221;<\/span><\/p>\n<ul>\n<li><span style=\"color: #008000;\">Leopoldina | Sousel | Ano 1993 | L\u00ednguas e Literaturas<\/span><\/li>\n<\/ul>\n<p><span style=\"color: #3b3b3b;\"><span style=\"color: #3b3b3b;\">&#8220;Fui para a Domus Nostra com 18 anos e durante os anos que passei nessa casa, que ainda hoje me \u00e9 muito querida, vivi cada dia com enorme intensidade. Na Domus tive a possibilidade da verdadeira viv\u00eancia em comunidade e partilha, vivida em pleno! Foi uma verdadeira casa onde embarquei em grandes aventuras e \u00f3timos projetos mas, acima de tudo, onde fiz grandes amigos.<\/span><\/span><span style=\"color: #3b3b3b;\">Numa altura em que a vida de estudante me obrigou a sair da zona de conforto, arriscar, mudar, experimentar outros caminhos a seguir, foi uma b\u00ean\u00e7\u00e3o ter encontrado a Domus.\u00a0Ainda hoje e, acima de tudo, sinto uma enorme gratid\u00e3o pois, se momentos menos bons aconteceram, foram amplamente suplantados pelos muitos dias fant\u00e1sticos que ali vivi. \u00c0\u00a0Domus e a todos os colaboradores e residentes, nesta altura de grandes desafios, resta-me desejar a maior sorte para o presente e para o futuro mas, acima de tudo, que continue bem vivo o esp\u00edrito quase \u00fanico, que vai fazendo com que a Domus nos pare\u00e7a uma grande fam\u00edlia.\u00a0Pela amizade, disponibilidade, companheirismo e por tudo o que aprendi convosco, muito obrigado.&#8221;<\/span><\/p>\n<ul>\n<li><span style=\"color: #008000;\">N\u00e9lia Norte | Faro | Ano 1983 | Economia<\/span><\/li>\n<\/ul>\n<p>&#8220;Na Domus passei os melhores anos da minha vida. Fiz boas amizades que ainda hoje guardo, havia um bom ambiente de estudo, os respons\u00e1veis pela Domus eram impec\u00e1veis e permitiam que mantiv\u00e9ssemos a nossa independ\u00eancia mas, em casa, que\u00a0soub\u00e9ssemos\u00a0respeitar os outros. Boa comida e boa camaradagem. Como tenho saudades dos tempos que por l\u00e1 passei&#8230;!!!&#8221;<\/p>\n<ul>\n<li><span style=\"color: #008000;\">Mafalda | It\u00e1lia | Ano 2008 | Engenharia Civil &#8211; IST<\/span><\/li>\n<\/ul>\n<p><span style=\"color: #3b3b3b;\">&#8220;A Domus deixou-me uma muito boa lembran\u00e7a. Nada falta na Resid\u00eancia: boa estrutura &#8211; funciona tudo &#8211; boa comida, mas a coisa mais importante \u00e9 a amizade que se encontra na Domus. Ainda estou em contacto com as residentes e com o pessoal da Domus porque viver na Domus \u00e9 um pouco como viver numa fam\u00edlia e as liga\u00e7\u00f5es que uma pessoa cria a\u00ed nunca mais se perdem.&#8221;<\/span><\/p>\n<ul>\n<li><span style=\"color: #008000;\">Maria Helena R. Ferreira da Silva (Gomes) Milena | Viana do Castelo | Ano 1965 |\u00a0\u00a0Filologia Germ\u00e2nica<\/span><\/li>\n<\/ul>\n<p><span style=\"color: #3b3b3b;\">&#8220;Foram anos muito marcantes. T\u00ednhamos tudo o que pod\u00edamos desejar\u00a0 para cumprir a miss\u00e3o de estudar e vencer. T\u00ednhamos muito bom\u00a0 ambiente e havia da direc\u00e7\u00e3o muito cuidado com o nosso desenvolvimento cultural e espiritual. Circulava muito respeito e Amor. N\u00e3o and\u00e1vamos \u00e0 solta!! A Senhora Dona\u00a0 Graciosa e depois a Senhora Dona Margarida tinham os olhos sempre em n\u00f3s!!! Foi muito Bom.&#8221; Milena<\/span><\/p>\n<ul>\n<li><span style=\"color: #008000;\">Martina Maria | Ano 2011 | Antropologia<\/span><\/li>\n<\/ul>\n<p><span style=\"color: #3b3b3b;\">&#8220;Acabei por descobrir, pouco a pouco, uma outra dimens\u00e3o, que j\u00e1 existia em mim mas que descobri\u00a0 tamb\u00e9m nos outros, no mundo \u00e0 nossa volta.<br \/>\nNos ambientes da resid\u00eancia, nas coisas que faz\u00edamos e que nos juntavam nas ocasi\u00f5es especiais, tal como no dia a dia, descobri uma nova maneira de estar com os outros, de os ajudar e de ser ajudada sem que acontecesse nada especial mas, simplesmente, isso.<br \/>\nNos corredores que cheiravam a flores e a barrela, encontrava a todo momento l\u00e1 fora o que eu tinha e sentia c\u00e1 dentro, o que me marcou muito e continua a acontecer cada vez que ali vou.<br \/>\nAcho tamb\u00e9m que esse espa\u00e7o torna diferente a vida universit\u00e1ria, e que nos permite de a viver desfrutando dela ao m\u00e1ximo.<br \/>\nA Domus nunca poder\u00e1 deixar de fazer parte da minha vida.&#8221;<\/span><\/p>\n<ul>\n<li><span style=\"color: #008000;\">Iva Matos\u00a0| A\u00e7ores\u00a0| Ano 1989|\u00a0Filosofia<\/span><\/li>\n<\/ul>\n<p>&#8220;O Domus foi para mim a casa em Lisboa onde cresci com a &#8220;fam\u00edlia&#8221; de amigos que tenho hoje. O ambiente contribuiu para me sentir em seguran\u00e7a e com dois objetivos: estudo e divers\u00e3o. O Domus foi sem d\u00favida decisivo e muito positivo na minha forma\u00e7\u00e3o como pessoa.&#8221;<\/p>\n","protected":false},"excerpt":{"rendered":"<p>registe tamb\u00e9m a sua opini\u00e3o Se \u00e9 ou foi residente na Domus Nostra clique na foto para registar a sua opini\u00e3o. Muito obrigado! o que \u00e9 viver na Domus Nostra enquanto estudante universit\u00e1ria? as &#8216;nostras&#8216; opini\u00f5es: Ana Rita e Ana Rute | Ano 2013 | Medicina e Medicina Dent\u00e1ria &#8220;(&#8230;) E \u00e9 \u00e0 Domus Nostra, [&hellip;]<\/p>\n","protected":false},"author":2,"featured_media":0,"parent":0,"menu_order":9,"comment_status":"open","ping_status":"open","template":"","meta":{"footnotes":""},"class_list":["post-489","page","type-page","status-publish","hentry"],"aioseo_notices":[],"_links":{"self":[{"href":"http:\/\/domusnostra.net\/wordpress\/wp-json\/wp\/v2\/pages\/489","targetHints":{"allow":["GET"]}}],"collection":[{"href":"http:\/\/domusnostra.net\/wordpress\/wp-json\/wp\/v2\/pages"}],"about":[{"href":"http:\/\/domusnostra.net\/wordpress\/wp-json\/wp\/v2\/types\/page"}],"author":[{"embeddable":true,"href":"http:\/\/domusnostra.net\/wordpress\/wp-json\/wp\/v2\/users\/2"}],"replies":[{"embeddable":true,"href":"http:\/\/domusnostra.net\/wordpress\/wp-json\/wp\/v2\/comments?post=489"}],"version-history":[{"count":39,"href":"http:\/\/domusnostra.net\/wordpress\/wp-json\/wp\/v2\/pages\/489\/revisions"}],"predecessor-version":[{"id":830,"href":"http:\/\/domusnostra.net\/wordpress\/wp-json\/wp\/v2\/pages\/489\/revisions\/830"}],"wp:attachment":[{"href":"http:\/\/domusnostra.net\/wordpress\/wp-json\/wp\/v2\/media?parent=489"}],"curies":[{"name":"wp","href":"https:\/\/api.w.org\/{rel}","templated":true}]}}