{"id":166,"date":"2010-01-19T16:37:24","date_gmt":"2010-01-19T16:37:24","guid":{"rendered":"http:\/\/domusnostra.net\/wordpress\/?page_id=166"},"modified":"2013-09-09T11:29:29","modified_gmt":"2013-09-09T10:29:29","slug":"localizacao","status":"publish","type":"page","link":"http:\/\/domusnostra.net\/wordpress\/localizacao\/","title":{"rendered":"localiza\u00e7\u00e3o"},"content":{"rendered":"<h1>Localiza\u00e7\u00e3o da Domus Nostra<\/h1>\n<p>A Domus Nostra tem uma localiza\u00e7\u00e3o privilegiada pois, a p\u00e9, est\u00e1 a dez minutos da Cidade Universit\u00e1ria &#8211; ver morada em &#8216;<a href=\"http:\/\/domusnostra.net\/wordpress\/contactos\/\" target=\"_blank\">contactos<\/a>&#8216;.<\/p>\n<h1 style=\"text-align: center;\">Clica <a href=\"http:\/\/domusnostra.net\/wordpress\/localizacao\/mapa\/\" target=\"_self\"><span style=\"color: #008080;\"><em><span style=\"color: #008000;\">aqui<\/span><\/em><\/span><\/a> para nos localizares melhor no mapa<\/h1>\n<h4>Coordenadas GPS<\/h4>\n<ul>\n<li>Latitude: 38\u00ba44&#8217;44&#8221;N<\/li>\n<li>Longitude: 9\u00ba09&#8217;21&#8221;W<\/li>\n<\/ul>\n<h4>Transportes P\u00fablicos:<\/h4>\n<ul type=\"disc\">\n<li style=\"text-align: justify;\">A P\u00e9: <a href=\"http:\/\/domusnostra.net\/wordpress\/wp-content\/uploads\/2011\/07\/Dist\u00e2ncias-a-P\u00e9-da-Domus-Nostra.bmp\" target=\"_blank\">clica aqui para veres o tempo aproximado\u00a0para as tuas desloca\u00e7\u00f5es<\/a><\/li>\n<li style=\"text-align: justify;\"><strong>Metro<\/strong>: Cidade Universit\u00e1ria e\u00a0Entrecampos |linha amarela| &#8211; 5\/10 min a p\u00e9<\/li>\n<li style=\"text-align: justify;\"><strong>Metro<\/strong>: Jardim Zool\u00f3gico |linha azul| &#8211; 15 min a p\u00e9<\/li>\n<li style=\"text-align: justify;\">Autocarros <strong>Carris<\/strong>: 731, 754, 701 &#8211; 5 min a p\u00e9<\/li>\n<li style=\"text-align: justify;\">Esta\u00e7\u00e3o Comb\u00f3ios <strong>CP<\/strong> Entrecampos &#8211; 10 min a p\u00e9<\/li>\n<li style=\"text-align: justify;\"><strong>Rede Expressos<\/strong> de 7 Rios &#8211; 10 min a p\u00e9<\/li>\n<\/ul>\n<h4>Cultura:<\/h4>\n<ul type=\"disc\">\n<li>Funda\u00e7\u00e3o Calouste Gulbenkian<\/li>\n<li>Biblioteca Nacional<\/li>\n<li>Culturgest<\/li>\n<\/ul>\n<h4>Desporto:<\/h4>\n<ul type=\"disc\">\n<li>Est\u00e1dio Universit\u00e1rio<\/li>\n<li>P\u00f3lo Desportivo Universit\u00e1rio<\/li>\n<li>Piscina Universit\u00e1ria<\/li>\n<\/ul>\n<h4><strong>Sa\u00fade: <\/strong><\/h4>\n<ul type=\"disc\">\n<li>Hospital de Santa Maria<\/li>\n<li>Hospital Curry Cabral<\/li>\n<li>Farm\u00e1cias<\/li>\n<\/ul>\n<h4><strong>Outros: <\/strong><\/h4>\n<ul type=\"disc\">\n<li>Cantinas Universit\u00e1rias<\/li>\n<li>Esta\u00e7\u00e3o de Correios<\/li>\n<li>Centros de C\u00f3pias<\/li>\n<li>Centros Comerciais<\/li>\n<li>Bancos<\/li>\n<li>Supermercados<\/li>\n<li>Restaurantes<\/li>\n<li>Jardim Zool\u00f3gico<\/li>\n<\/ul>\n","protected":false},"excerpt":{"rendered":"<p>Localiza\u00e7\u00e3o da Domus Nostra A Domus Nostra tem uma localiza\u00e7\u00e3o privilegiada pois, a p\u00e9, est\u00e1 a dez minutos da Cidade Universit\u00e1ria &#8211; ver morada em &#8216;contactos&#8216;. Clica aqui para nos localizares melhor no mapa Coordenadas GPS Latitude: 38\u00ba44&#8217;44&#8221;N Longitude: 9\u00ba09&#8217;21&#8221;W Transportes P\u00fablicos: A P\u00e9: clica aqui para veres o tempo aproximado\u00a0para as tuas desloca\u00e7\u00f5es Metro: [&hellip;]<\/p>\n","protected":false},"author":2,"featured_media":0,"parent":0,"menu_order":5,"comment_status":"open","ping_status":"open","template":"","meta":{"footnotes":""},"class_list":["post-166","page","type-page","status-publish","hentry"],"aioseo_notices":[],"_links":{"self":[{"href":"http:\/\/domusnostra.net\/wordpress\/wp-json\/wp\/v2\/pages\/166","targetHints":{"allow":["GET"]}}],"collection":[{"href":"http:\/\/domusnostra.net\/wordpress\/wp-json\/wp\/v2\/pages"}],"about":[{"href":"http:\/\/domusnostra.net\/wordpress\/wp-json\/wp\/v2\/types\/page"}],"author":[{"embeddable":true,"href":"http:\/\/domusnostra.net\/wordpress\/wp-json\/wp\/v2\/users\/2"}],"replies":[{"embeddable":true,"href":"http:\/\/domusnostra.net\/wordpress\/wp-json\/wp\/v2\/comments?post=166"}],"version-history":[{"count":17,"href":"http:\/\/domusnostra.net\/wordpress\/wp-json\/wp\/v2\/pages\/166\/revisions"}],"predecessor-version":[{"id":173,"href":"http:\/\/domusnostra.net\/wordpress\/wp-json\/wp\/v2\/pages\/166\/revisions\/173"}],"wp:attachment":[{"href":"http:\/\/domusnostra.net\/wordpress\/wp-json\/wp\/v2\/media?parent=166"}],"curies":[{"name":"wp","href":"https:\/\/api.w.org\/{rel}","templated":true}]}}