{"id":159,"date":"2010-01-19T16:33:13","date_gmt":"2010-01-19T16:33:13","guid":{"rendered":"http:\/\/domusnostra.net\/wordpress\/?page_id=159"},"modified":"2022-07-05T16:38:11","modified_gmt":"2022-07-05T15:38:11","slug":"calendariohoras","status":"publish","type":"page","link":"http:\/\/domusnostra.net\/wordpress\/calendariohoras\/","title":{"rendered":"calend\u00e1rio|horas"},"content":{"rendered":"<h1>Calend\u00e1rio<\/h1>\n<p style=\"padding-left: 30px;\">A Domus Nostra encerra de 1 de Agosto a 15 de Setembro e durante as f\u00e9rias de Natal e da P\u00e1scoa.<\/p>\n<h1>Hor\u00e1rio Porta<\/h1>\n<p style=\"padding-left: 30px;\"><strong>Abertura<\/strong>:<\/p>\n<p style=\"padding-left: 60px;\">2\u00aaf a S\u00e1bado:\u00a07h00<\/p>\n<p style=\"padding-left: 60px;\">Domingos e Feriados: 9h30.<\/p>\n<p style=\"padding-left: 30px;\"><strong>Encerramento<\/strong>:<\/p>\n<p style=\"padding-left: 60px;\">2\u00aaf a Domingo e Feriados: 22h00<\/p>\n<p style=\"padding-left: 30px;\">\n<p style=\"padding-left: 30px;\">\n<p style=\"padding-left: 30px;\">Caso seja necess\u00e1rio entrar mais tarde, h\u00e1 a possibilidade de exce\u00e7\u00f5es a estes hor\u00e1rios, a combinar com a Dire\u00e7\u00e3o, usando o Sistema de Controlo de Acessos.<\/p>\n<h1>Hor\u00e1rio Refei\u00e7\u00f5es<\/h1>\n<p style=\"padding-left: 30px;\"><strong>pequeno-almo\u00e7o<\/strong><\/p>\n<p style=\"padding-left: 60px;\">2\u00aaf a S\u00e1bado: 7h30 &#8211; 10h00<\/p>\n<p style=\"padding-left: 30px;\"><strong>Jantar<\/strong><\/p>\n<p style=\"padding-left: 60px;\">2\u00aaf a <span style=\"font-size: inherit;\">6\u00aaf: 19h30 &#8211; 20h15<\/span><\/p>\n","protected":false},"excerpt":{"rendered":"<p>Calend\u00e1rio A Domus Nostra encerra de 1 de Agosto a 15 de Setembro e durante as f\u00e9rias de Natal e da P\u00e1scoa. Hor\u00e1rio Porta Abertura: 2\u00aaf a S\u00e1bado:\u00a07h00 Domingos e Feriados: 9h30. Encerramento: 2\u00aaf a Domingo e Feriados: 22h00 Caso seja necess\u00e1rio entrar mais tarde, h\u00e1 a possibilidade de exce\u00e7\u00f5es a estes hor\u00e1rios, a combinar [&hellip;]<\/p>\n","protected":false},"author":2,"featured_media":0,"parent":0,"menu_order":4,"comment_status":"open","ping_status":"open","template":"","meta":{"footnotes":""},"class_list":["post-159","page","type-page","status-publish","hentry"],"aioseo_notices":[],"_links":{"self":[{"href":"http:\/\/domusnostra.net\/wordpress\/wp-json\/wp\/v2\/pages\/159","targetHints":{"allow":["GET"]}}],"collection":[{"href":"http:\/\/domusnostra.net\/wordpress\/wp-json\/wp\/v2\/pages"}],"about":[{"href":"http:\/\/domusnostra.net\/wordpress\/wp-json\/wp\/v2\/types\/page"}],"author":[{"embeddable":true,"href":"http:\/\/domusnostra.net\/wordpress\/wp-json\/wp\/v2\/users\/2"}],"replies":[{"embeddable":true,"href":"http:\/\/domusnostra.net\/wordpress\/wp-json\/wp\/v2\/comments?post=159"}],"version-history":[{"count":12,"href":"http:\/\/domusnostra.net\/wordpress\/wp-json\/wp\/v2\/pages\/159\/revisions"}],"predecessor-version":[{"id":1208,"href":"http:\/\/domusnostra.net\/wordpress\/wp-json\/wp\/v2\/pages\/159\/revisions\/1208"}],"wp:attachment":[{"href":"http:\/\/domusnostra.net\/wordpress\/wp-json\/wp\/v2\/media?parent=159"}],"curies":[{"name":"wp","href":"https:\/\/api.w.org\/{rel}","templated":true}]}}