{"id":1066,"date":"2022-03-31T10:32:35","date_gmt":"2022-03-31T09:32:35","guid":{"rendered":"http:\/\/domusnostra.net\/wordpress\/?page_id=1066"},"modified":"2022-05-25T11:47:20","modified_gmt":"2022-05-25T10:47:20","slug":"inscricoes","status":"publish","type":"page","link":"http:\/\/domusnostra.net\/wordpress\/inscricoes\/","title":{"rendered":"inscri\u00e7\u00f5es"},"content":{"rendered":"\n<h4 class=\"wp-block-heading\"><\/h4>\n\n\n\n<div class=\"wp-block-image\"><figure class=\"aligncenter size-large is-resized\"><img loading=\"lazy\" decoding=\"async\" src=\"http:\/\/domusnostra.net\/wordpress\/wp-content\/uploads\/2021\/08\/Incri\u00e7\u00f5es-1024x512.png\" alt=\"\" class=\"wp-image-1018\" width=\"200\" height=\"100\" srcset=\"http:\/\/domusnostra.net\/wordpress\/wp-content\/uploads\/2021\/08\/Incri\u00e7\u00f5es-1024x512.png 1024w, http:\/\/domusnostra.net\/wordpress\/wp-content\/uploads\/2021\/08\/Incri\u00e7\u00f5es-300x150.png 300w, http:\/\/domusnostra.net\/wordpress\/wp-content\/uploads\/2021\/08\/Incri\u00e7\u00f5es-768x384.png 768w, http:\/\/domusnostra.net\/wordpress\/wp-content\/uploads\/2021\/08\/Incri\u00e7\u00f5es.png 1200w\" sizes=\"auto, (max-width: 200px) 100vw, 200px\" \/><\/figure><\/div>\n\n\n<p><!--StartFragment--><\/p>\n<p><\/p>\n\n\n<p>para informa\u00e7\u00f5es e pedido de candidatura \u00e0 Domus Nostra <strong>escreva-nos para:<\/strong><\/p>\n\n\n\n<p class=\"has-text-align-center\"><strong>inscricao.domusnostra@gmail.com<\/strong><\/p>\n\n\n\n<div class=\"wp-block-image\"><figure class=\"aligncenter size-large is-resized\"><img loading=\"lazy\" decoding=\"async\" src=\"http:\/\/domusnostra.net\/wordpress\/wp-content\/uploads\/2022\/05\/inscri\u00e7\u00f5s-subscription.png\" alt=\"\" class=\"wp-image-1120\" width=\"85\" height=\"88\"\/><\/figure><\/div>\n\n\n<p><!--EndFragment--><\/p>","protected":false},"excerpt":{"rendered":"<p>para informa\u00e7\u00f5es e pedido de candidatura \u00e0 Domus Nostra escreva-nos para: inscricao.domusnostra@gmail.com<\/p>\n","protected":false},"author":2,"featured_media":0,"parent":0,"menu_order":0,"comment_status":"closed","ping_status":"closed","template":"","meta":{"footnotes":""},"class_list":["post-1066","page","type-page","status-publish","hentry"],"aioseo_notices":[],"_links":{"self":[{"href":"http:\/\/domusnostra.net\/wordpress\/wp-json\/wp\/v2\/pages\/1066","targetHints":{"allow":["GET"]}}],"collection":[{"href":"http:\/\/domusnostra.net\/wordpress\/wp-json\/wp\/v2\/pages"}],"about":[{"href":"http:\/\/domusnostra.net\/wordpress\/wp-json\/wp\/v2\/types\/page"}],"author":[{"embeddable":true,"href":"http:\/\/domusnostra.net\/wordpress\/wp-json\/wp\/v2\/users\/2"}],"replies":[{"embeddable":true,"href":"http:\/\/domusnostra.net\/wordpress\/wp-json\/wp\/v2\/comments?post=1066"}],"version-history":[{"count":8,"href":"http:\/\/domusnostra.net\/wordpress\/wp-json\/wp\/v2\/pages\/1066\/revisions"}],"predecessor-version":[{"id":1132,"href":"http:\/\/domusnostra.net\/wordpress\/wp-json\/wp\/v2\/pages\/1066\/revisions\/1132"}],"wp:attachment":[{"href":"http:\/\/domusnostra.net\/wordpress\/wp-json\/wp\/v2\/media?parent=1066"}],"curies":[{"name":"wp","href":"https:\/\/api.w.org\/{rel}","templated":true}]}}